{"id":119,"date":"2022-02-25T15:42:40","date_gmt":"2022-02-25T15:42:40","guid":{"rendered":"https:\/\/moblend.erasmus.site\/?page_id=119"},"modified":"2023-05-05T12:15:43","modified_gmt":"2023-05-05T12:15:43","slug":"oer-open-educational-resources","status":"publish","type":"page","link":"https:\/\/moblend.erasmus.site\/pl\/oer-open-educational-resources\/","title":{"rendered":"OZE (otwarte zasoby edukacyjne)"},"content":{"rendered":"<p>Opiera si\u0119 na metodologii WIDEOPEDAGOGII i zawiera zestaw lekcji wideo dla ka\u017cdego modu\u0142u, czyli Komunikacja cyfrowa: komunikatory i wideokonferencje, udost\u0119pnianie i edycja dokument\u00f3w w chmurze, Zarz\u0105dzanie zadaniami OnLine, Assessment Tool +, Biblioteka materia\u0142\u00f3w.<\/p>\n<p style=\"text-align: center;\"><iframe title=\"YouTube video player\" src=\"https:\/\/www.youtube.com\/embed\/videoseries?list=PL6u6BoSvK_EfG5eaiGcBiUMpEBspjQCe3\" width=\"560\" height=\"315\" frameborder=\"0\" allowfullscreen=\"allowfullscreen\"><\/iframe><\/p>\n<p style=\"text-align: center;\"><strong>Module 1 &#8211; Digital communication: instant messaging and video conferencing<\/strong><br \/>\nIn this video, we will give you the keys to learn about basics competencies in virtual communication.<\/p>\n<hr \/>\n<p style=\"text-align: center;\"><iframe title=\"YouTube video player\" src=\"https:\/\/www.youtube.com\/embed\/videoseries?list=PL6u6BoSvK_EdN96YoXFaQPO-up1KMChjm\" width=\"560\" height=\"315\" frameborder=\"0\" allowfullscreen=\"allowfullscreen\"><\/iframe><\/p>\n<p style=\"text-align: center;\"><strong>Module 2 &#8211; Cloud Documents sharing and editing<\/strong><br \/>\nIn this video, we will give you the keys to learn about basics competencies about the Cloud in general.<\/p>\n<hr \/>\n<p style=\"text-align: center;\"><iframe title=\"YouTube video player\" src=\"https:\/\/www.youtube.com\/embed\/videoseries?list=PL6u6BoSvK_EeXrwaVdehF7le8qOf_5jLt\" width=\"560\" height=\"315\" frameborder=\"0\" allowfullscreen=\"allowfullscreen\"><\/iframe><\/p>\n<p style=\"text-align: center;\"><strong>Module 3 &#8211; Task Management Online<\/strong><br \/>\nIn this video, we will give you the keys to learn about basics competencies in Task management.<\/p>\n<hr \/>\n<p style=\"text-align: center;\"><iframe title=\"YouTube video player\" src=\"https:\/\/www.youtube.com\/embed\/videoseries?list=PL6u6BoSvK_EeK_sfTG0OLBN8s4oQqJdPZ\" width=\"560\" height=\"315\" frameborder=\"0\" allowfullscreen=\"allowfullscreen\"><\/iframe><\/p>\n<p style=\"text-align: center;\"><strong>Module 4 &#8211; Assessment Tool+<\/strong><br \/>\nIn this video, we will help you to create a student profile on the website.<\/p>\n<hr \/>\n<p style=\"text-align: center;\"><iframe title=\"YouTube video player\" src=\"https:\/\/www.youtube.com\/embed\/videoseries?list=PL6u6BoSvK_EeSZ86QpSncJX95M4gwxhzX\" width=\"560\" height=\"315\" frameborder=\"0\" allowfullscreen=\"allowfullscreen\"><\/iframe><\/p>\n<p style=\"text-align: center;\"><strong>Module 5 &#8211; Material Library<\/strong><br \/>\nIn this video, we will give you the tools and tips to learn about basics competencies to use Gmail efficiently.<\/p>\n<p><\/p>","protected":false},"excerpt":{"rendered":"<p>Opiera si\u0119 na metodologii WIDEOPEDAGOGII i zawiera zestaw lekcji wideo dla ka\u017cdego modu\u0142u, czyli Komunikacja cyfrowa: komunikatory i wideokonferencje, udost\u0119pnianie i edycja dokument\u00f3w w chmurze, Zarz\u0105dzanie zadaniami OnLine, Assessment Tool +, Biblioteka materia\u0142\u00f3w. Module 1 &#8211; Digital communication: instant messaging and video conferencing In this video, we will give you the keys to learn about&hellip;&nbsp;<\/p>\n","protected":false},"author":1,"featured_media":0,"parent":0,"menu_order":0,"comment_status":"closed","ping_status":"closed","template":"","meta":{"neve_meta_sidebar":"","neve_meta_container":"","neve_meta_enable_content_width":"off","neve_meta_content_width":100,"neve_meta_title_alignment":"","neve_meta_author_avatar":"","neve_post_elements_order":"","neve_meta_disable_header":"","neve_meta_disable_footer":"","neve_meta_disable_title":"","footnotes":""},"class_list":["post-119","page","type-page","status-publish","hentry"],"_links":{"self":[{"href":"https:\/\/moblend.erasmus.site\/pl\/wp-json\/wp\/v2\/pages\/119","targetHints":{"allow":["GET"]}}],"collection":[{"href":"https:\/\/moblend.erasmus.site\/pl\/wp-json\/wp\/v2\/pages"}],"about":[{"href":"https:\/\/moblend.erasmus.site\/pl\/wp-json\/wp\/v2\/types\/page"}],"author":[{"embeddable":true,"href":"https:\/\/moblend.erasmus.site\/pl\/wp-json\/wp\/v2\/users\/1"}],"replies":[{"embeddable":true,"href":"https:\/\/moblend.erasmus.site\/pl\/wp-json\/wp\/v2\/comments?post=119"}],"version-history":[{"count":8,"href":"https:\/\/moblend.erasmus.site\/pl\/wp-json\/wp\/v2\/pages\/119\/revisions"}],"predecessor-version":[{"id":323,"href":"https:\/\/moblend.erasmus.site\/pl\/wp-json\/wp\/v2\/pages\/119\/revisions\/323"}],"wp:attachment":[{"href":"https:\/\/moblend.erasmus.site\/pl\/wp-json\/wp\/v2\/media?parent=119"}],"curies":[{"name":"wp","href":"https:\/\/api.w.org\/{rel}","templated":true}]}}