{"id":2,"date":"2022-02-25T11:44:29","date_gmt":"2022-02-25T11:44:29","guid":{"rendered":"https:\/\/moblend.erasmus.site\/?page_id=2"},"modified":"2023-04-12T19:13:28","modified_gmt":"2023-04-12T19:13:28","slug":"partners","status":"publish","type":"page","link":"https:\/\/moblend.erasmus.site\/it\/partners\/","title":{"rendered":"Partners"},"content":{"rendered":"<p><img fetchpriority=\"high\" decoding=\"async\" class=\"size-medium wp-image-83 aligncenter\" src=\"https:\/\/moblend.erasmus.site\/wp-content\/uploads\/2022\/02\/ifom-300x300.png\" alt=\"\" width=\"300\" height=\"300\" srcset=\"https:\/\/moblend.erasmus.site\/wp-content\/uploads\/2022\/02\/ifom.png 300w, https:\/\/moblend.erasmus.site\/wp-content\/uploads\/2022\/02\/ifom-150x150.png 150w\" sizes=\"(max-width: 300px) 100vw, 300px\" \/><\/p>\n<p>La Cooperativa Sociale IFOM (Istituto per la Formazione, l&#8217;Occupazione e la Mobilit\u00e0 per l&#8217;Apprendimento) \u00e8 un centro di formazione professionale senza scopo di lucro che crede fortemente e sostiene l&#8217;apprendimento basato sul lavoro, l&#8217;apprendimento basato sulla mobilit\u00e0, l&#8217;apprendistato e i programmi di formazione professionale sia a livello locale che europeo. IFOM \u00e8 associata a LegaCoop (Unione Nazionale Cooperative e Mutue) che \u00e8 la pi\u00f9 grande e antica unione di cooperative. IFOM ha quindi accesso diretto e collabora con alcune delle pi\u00f9 grandi cooperative italiane.<\/p>\n<p>IFOM mira a promuovere il miglioramento della qualit\u00e0 e l&#8217;eccellenza nell&#8217;istruzione e nella formazione, rafforzando al contempo l&#8217;occupabilit\u00e0, con particolare attenzione a coloro che hanno minori possibilit\u00e0 di trovare un lavoro. Utilizziamo la formazione e la mobilit\u00e0 come strumenti per favorire l&#8217;occupabilit\u00e0 e ridurre il divario di competenze tra istruzione e mercato del lavoro.<\/p>\n<p>IFOM ha una vasta esperienza nel campo della formazione professionale e il nostro team internazionale di esperti combina la competenza sul campo con la passione e una comprovata esperienza di successi. IFOM crede nella mobilit\u00e0 lavorativa come strumento per combattere la disoccupazione giovanile e come ponte tra scuola e lavoro. Aiutiamo le aziende locali ad accogliere gli studenti delle scuole professionali e sosteniamo le scuole, gli studenti e gli insegnanti a sfruttare al meglio le opportunit\u00e0 offerte dal programma Erasmus+, in particolare per intraprendere tirocini e formazioni all&#8217;estero.<\/p>\n<p>IFOM sostiene e partecipa all&#8217;Alleanza europea per l&#8217;apprendistato (EAFA), che riunisce autorit\u00e0 pubbliche, imprese, parti sociali, fornitori di istruzione e formazione professionale, rappresentanti dei giovani e altri attori chiave per promuovere programmi e iniziative di apprendistato in tutta Europa. In particolare, l&#8217;IFOM sostiene l&#8217;EAFA nella sua missione di promozione dei programmi e delle iniziative di apprendistato in tutta Europa e partecipa come stakeholder alle riunioni annuali dell&#8217;EAFA e agli eventi politici di alto livello. IFOM ha esperienza e sostiene l&#8217;uso del sistema europeo di crediti per l&#8217;istruzione e la formazione professionale (ECVET) e partecipa regolarmente ai forum annuali ECVET e alle attivit\u00e0 di apprendimento tra pari organizzate dal segretariato ECVET.<\/p>\n<p>IFOM \u00e8 membro della Digital Skills and Jobs Coalition, una partnership multi-stakeholder lanciata dalla Commissione Europea per contribuire a soddisfare l&#8217;elevata domanda di competenze digitali in Europa. IFOM \u00e8 membro della Rete di Trasmissione Nazionale (RND) di Euroguidance Italia, una rete fondata nel 1994 e composta da istituzioni, organizzazioni ed esperti nel campo dell&#8217;orientamento professionale e della mobilit\u00e0. La rete costituisce una piattaforma di crescita e confronto finalizzata a garantire la diffusione di informazioni e pratiche su tutto il territorio nazionale. Offre, infatti, la possibilit\u00e0 di: condividere pratiche e strumenti innovativi per la mobilit\u00e0 transnazionale, individuare partner per lo sviluppo di progetti, favorire la collaborazione dei vari attori a livello locale, regionale e nazionale.<\/p>\n<hr \/>\n<p><img decoding=\"async\" class=\"size-medium wp-image-74 aligncenter\" src=\"https:\/\/moblend.erasmus.site\/wp-content\/uploads\/2022\/02\/danmar-300x300.png\" alt=\"\" width=\"300\" height=\"300\" srcset=\"https:\/\/moblend.erasmus.site\/wp-content\/uploads\/2022\/02\/danmar.png 300w, https:\/\/moblend.erasmus.site\/wp-content\/uploads\/2022\/02\/danmar-150x150.png 150w\" sizes=\"(max-width: 300px) 100vw, 300px\" \/><\/p>\n<p>Danmar Computers LLC, fondata nel 2000, \u00e8 un&#8217;azienda privata che opera nel campo dell&#8217;Information Technology e fornisce formazione professionale in questo settore. Danmar ha esperienza nello sviluppo di moderne applicazioni Web e mobili utilizzate per scopi educativi. Danmar ha anche un&#8217;esperienza pluriennale nella realizzazione di progetti europei, nell&#8217;ambito dei quali lo staff di R&amp;S conduce ricerche e prepara corsi di formazione su misura per le esigenze dei vari studenti. Ha realizzato con successo oltre 90 progetti nell&#8217;ambito di Grundtvig, Leonardo da Vinci, Progress e recentemente Erasmus+. Oltre a essere il partner tecnico, in molti di questi progetti Danmar \u00e8 responsabile della progettazione e del coordinamento delle strategie di diffusione. Danmar Computers \u00e8 lo sviluppatore e il fornitore di AdminProject, il sistema on-line per la gestione dei progetti europei.<\/p>\n<p>Tutte le attivit\u00e0 dell&#8217;azienda si basano su un&#8217;ampia e consolidata rete di cooperazione, sia a livello nazionale che internazionale. Le reti nazionali comprendono istituti di formazione e consulenza, universit\u00e0, scuole, organizzazioni non governative e aziende del settore privato. Le reti internazionali comprendono partner di vario profilo provenienti da tutti i Paesi dell&#8217;Unione Europea. La missione di Danmar Computer \u00e8 la promozione dell&#8217;educazione permanente e la garanzia di un accesso paritario all&#8217;istruzione per tutti con l&#8217;uso delle moderne tecnologie.<\/p>\n<p>Sito web:\u00a0<a href=\"https:\/\/danmar-computers.com.pl\/en\/\" target=\"_blank\" rel=\"noopener\">danmar-computers.com.pl<\/a><\/p>\n<hr \/>\n<p><img decoding=\"async\" class=\"size-medium wp-image-88 aligncenter\" src=\"https:\/\/moblend.erasmus.site\/wp-content\/uploads\/2022\/02\/europroodos-300x300.png\" alt=\"\" width=\"300\" height=\"300\" srcset=\"https:\/\/moblend.erasmus.site\/wp-content\/uploads\/2022\/02\/europroodos.png 300w, https:\/\/moblend.erasmus.site\/wp-content\/uploads\/2022\/02\/europroodos-150x150.png 150w\" sizes=\"(max-width: 300px) 100vw, 300px\" \/><\/p>\n<p>EUROPROODOS EDUCATIONAL GROUP SINGLE MEMBER P.C. \u00e8 stato fondato nel 1994 e comprende un istituto di formazione professionale, un centro di formazione professionale e un moderno centro di formazione per adulti in 4 citt\u00e0: Atene, Larissa, Corinto e Salonicco. I campi di studio nelle tre sedi (Atene, Corinto e Larisa) sono: Salute e medicina, Estetica e cosmesi, Agricoltura, Professioni informatiche e web design, Cucina e bevande, Professioni, Finanza e amministrazione e Professioni educative. Su base annuale sono riassunte le seguenti azioni: 1) Sviluppo di curricula formativi per l&#8217;istruzione e la formazione professionale, l&#8217;educazione degli adulti e la scuola, 2) Implementazione di attivit\u00e0 e corsi di formazione, 3) Programmi di formazione e pilotaggio per studenti e gruppi vulnerabili, 4) Progetti internazionali di R&amp;D. EUROPROODOS EDUCATIONAL GROUP contribuisce a migliorare la qualit\u00e0 della vita dei nostri cittadini &#8211; discenti adulti &#8211; dando loro la possibilit\u00e0 di ricevere un&#8217;educazione non formale, di svilupparsi ed evolversi. Promuoviamo l&#8217;innovazione e miglioriamo l&#8217;accessibilit\u00e0 e la qualit\u00e0 dell&#8217;istruzione e della cultura per i cittadini adulti attraverso la cooperazione europea, con l&#8217;obiettivo di promuovere la democrazia, la pace e una migliore istruzione.<\/p>\n<hr \/>\n<p><img loading=\"lazy\" decoding=\"async\" class=\"size-medium wp-image-92 aligncenter\" src=\"https:\/\/moblend.erasmus.site\/wp-content\/uploads\/2022\/02\/ic-300x300.png\" alt=\"\" width=\"300\" height=\"300\" srcset=\"https:\/\/moblend.erasmus.site\/wp-content\/uploads\/2022\/02\/ic.png 300w, https:\/\/moblend.erasmus.site\/wp-content\/uploads\/2022\/02\/ic-150x150.png 150w\" sizes=\"(max-width: 300px) 100vw, 300px\" \/><\/p>\n<p>Internation College (Mezhdunaroden Kolezh) \u00e8 un rinomato istituto di formazione per giovani e adulti. Utilizza metodi di insegnamento innovativi e tecnologie informatiche basate su esperienze e tradizioni consolidate.<\/p>\n<p>La missione dell&#8217;International College \u00e8 lavorare per la modernizzazione dell&#8217;istruzione professionale e degli adulti in Bulgaria e promuovere una migliore comprensione delle interconnessioni tra il mercato del lavoro e le forme di insegnamento e apprendimento formali, non formali, professionali, superiori e di altro tipo.<\/p>\n<p>Mantenendo l&#8217;attenzione principale sui settori del turismo e della gastronomia in Bulgaria, con una profonda competenza ed esperienza nello sviluppo dei curricula, nel riconoscimento delle competenze, nell&#8217;elaborazione di linee guida metodologiche e nello sviluppo di percorsi di studio nell&#8217;ambito dell&#8217;istruzione e della formazione professionale e dell&#8217;istruzione superiore, nel corso degli anni l&#8217;istituzione ha formato numerosi apprendisti nei settori del turismo, dell&#8217;ospitalit\u00e0, del food &amp; beverage, delle arti culinarie, della gestione alberghiera, ecc.<\/p>\n<p>\u00c8 membro di una rete di oltre 40 entit\u00e0 giuridiche profit e no-profit, tra cui il Business and Culture Center e il Consiglio dei Fondatori e dei Donatori della Varna University of Management (https:\/\/vum.bg\/), una business school internazionale situata in Europa, Bulgaria.<\/p>\n<hr \/>\n<p><img loading=\"lazy\" decoding=\"async\" class=\"size-medium wp-image-96 aligncenter\" src=\"https:\/\/moblend.erasmus.site\/wp-content\/uploads\/2022\/02\/sisak-300x300.png\" alt=\"\" width=\"300\" height=\"300\" srcset=\"https:\/\/moblend.erasmus.site\/wp-content\/uploads\/2022\/02\/sisak.png 300w, https:\/\/moblend.erasmus.site\/wp-content\/uploads\/2022\/02\/sisak-150x150.png 150w\" sizes=\"(max-width: 300px) 100vw, 300px\" \/><\/p>\n<p>Descrizione della scuola:<\/p>\n<p>La Scuola Tecnica Sisak \u00e8 una scuola professionale secondaria che forma gli studenti in programmi di istruzione quadriennale nel campo dell&#8217;ingegneria meccanica, dell&#8217;ingegneria elettrica, dell&#8217;ecologia e della tecnologia chimica per professioni come tecnico di ingegneria meccanica, tecnico di macchine elettriche con informatica applicata, tecnico di elettronica, tecnico informatico, tecnico ambientale, tecnico di videogiochi e tecnico meccatronico. Gli studenti acquisiscono il diritto di sostenere l&#8217;esame di Stato e di iscriversi agli istituti di istruzione superiore della Croazia.<\/p>\n<p>Attualmente la scuola conta 465 studenti e 65 dipendenti, di cui 47 insegnanti (24 insegnanti di educazione generale, 6 ingegneri meccanici, 12 ingegneri elettronici, 5 insegnanti di tecnologia chimica) 5 collaboratori didattici, 2 collaboratori esperti, 4 impiegati nell&#8217;amministrazione e 7 personale tecnico ausiliario.<\/p>\n<p>Oltre ai programmi di istruzione regolare, la scuola tecnica Sisak gestisce anche programmi di istruzione per adulti, programmi regolari nelle professioni menzionate e programmi di formazione nel campo del CAD, del CNC, delle energie rinnovabili e della robotica.<\/p>\n<p>La scuola \u00e8 anche registrata come Student Service, che funge da intermediario per l&#8217;impiego degli studenti regolari di tutte le scuole della Contea di Sisak-Moslavina durante le vacanze.<\/p>\n<p>A partire dall&#8217;anno scolastico 2013\/2014, la scuola tecnica Sisak ha introdotto tre programmi di studio sperimentali nel suo programma di lavoro &#8211; tecnico di ingegneria meccanica informatica, tecnico di elettronica e tecnico informatico.<\/p>\n<p>La scuola ha inoltre introdotto in tutte le classi libri di testo elettronici, proiettori, computer, altoparlanti, tele e Internet, per cui tutte le aule sono diventate aule multimediali.<\/p>\n<p>Nella scuola sono stati istituiti due centri, il Centro per le nuove tecnologie e il Centro per le energie rinnovabili, come unit\u00e0 didattiche tecnologicamente complete. Il Centro per le nuove tecnologie dispone di esercitazioni di CAD, robotica, automazione, tecnologia idraulica e pneumatica e CNC. Il Centro per le energie rinnovabili dispone di un&#8217;unit\u00e0 di controllo fotovoltaico e di attrezzature per la formazione in fotonica.<\/p>\n<p>Il principale obiettivo strategico della nostra scuola \u00e8 la creazione di un sistema di istruzione efficiente e di qualit\u00e0. Con questo intendiamo principalmente che la scuola fornir\u00e0 ai suoi studenti un&#8217;istruzione professionale di alta qualit\u00e0 basata sulle competenze richieste dal mercato del lavoro sia in Croazia che nell&#8217;Unione Europea. Per essere in grado di fornire tale istruzione ai propri studenti, la Scuola Tecnica Sisak deve aumentare in modo permanente e continuo la qualit\u00e0 e l&#8217;efficienza dell&#8217;istruzione.<\/p>\n<p>L&#8217;istituto tecnico Sisak \u00e8 uno dei fondatori del Partenariato locale per l&#8217;occupazione, che mira a incoraggiare e sviluppare progetti che aiutino gli studenti a trovare un impiego, prima nella contea di Sisak-Moslavina e poi oltre.<\/p>\n<p>Grazie al lavoro svolto e ai buoni risultati ottenuti, il 20 luglio 2018 la scuola tecnica Sisak \u00e8 stata nominata Centro regionale di competenza nel settore dell&#8217;ingegneria elettrica e informatica. La nomina a Centro regionale di competenza ha permesso alla scuola di utilizzare il Fondo sociale europeo e il Fondo europeo di sviluppo regionale per un importo totale di 10.000.000,00 di euro per le infrastrutture, le attrezzature e la formazione degli insegnanti, nonch\u00e9 per lo sviluppo di nuovi programmi di studio nel periodo 2020-2023. La scuola tecnica Sisak svilupper\u00e0 programmi di robotica e automazione, videogiochi e programmi informatici.<\/p>\n<p>La Scuola tecnica Sisak ha rapporti con numerosi partner di altri Paesi dell&#8217;UE. Insieme a loro, abbiamo realizzato diversi progetti finanziati dal programma ERASMUS +, ma anche dal precedente Leonardo da Vinci. L&#8217;obiettivo principale di questi progetti era lo sviluppo professionale degli insegnanti e la pratica professionale degli studenti nelle aziende dell&#8217;UE. Grazie a questi progetti, gli insegnanti hanno acquisito nuove competenze, sono stati introdotti a metodi di sviluppo di nuovi curricula e nuovi metodi di insegnamento, e gli studenti hanno acquisito nuove competenze basate sul lavoro di pratica professionale in aziende dell&#8217;UE.<\/p>\n<p>Poich\u00e9 gli studenti della scuola tecnica Sisak non hanno stage professionali in aziende nel loro curriculum regolare, le opportunit\u00e0 che hanno attraverso il programma ERASMUS + sono uno strumento ideale per acquisire esperienza lavorativa e competenze basate sul lavoro, che spesso sono una condizione per trovare lavoro. Nel prossimo periodo, la scuola utilizzer\u00e0 questo programma ogni anno per la formazione degli insegnanti nelle scuole e nelle aziende dell&#8217;UE, nonch\u00e9 per la pratica professionale degli studenti.<\/p>\n<p>Per i nostri sforzi e la qualit\u00e0 nell&#8217;implementazione di progetti di mobilit\u00e0, la scuola tecnica Sisak ha ricevuto la carta di mobilit\u00e0 Vet nel 2018. (2018-1-KA109-047655).<\/p>","protected":false},"excerpt":{"rendered":"<p>La Cooperativa Sociale IFOM (Istituto per la Formazione, l&#8217;Occupazione e la Mobilit\u00e0 per l&#8217;Apprendimento) \u00e8 un centro di formazione professionale senza scopo di lucro che crede fortemente e sostiene l&#8217;apprendimento basato sul lavoro, l&#8217;apprendimento basato sulla mobilit\u00e0, l&#8217;apprendistato e i programmi di formazione professionale sia a livello locale che europeo. IFOM \u00e8 associata a LegaCoop&hellip;&nbsp;<\/p>\n","protected":false},"author":1,"featured_media":0,"parent":0,"menu_order":0,"comment_status":"closed","ping_status":"open","template":"","meta":{"neve_meta_sidebar":"","neve_meta_container":"","neve_meta_enable_content_width":"off","neve_meta_content_width":100,"neve_meta_title_alignment":"","neve_meta_author_avatar":"","neve_post_elements_order":"","neve_meta_disable_header":"","neve_meta_disable_footer":"","neve_meta_disable_title":"","footnotes":""},"class_list":["post-2","page","type-page","status-publish","hentry"],"_links":{"self":[{"href":"https:\/\/moblend.erasmus.site\/it\/wp-json\/wp\/v2\/pages\/2","targetHints":{"allow":["GET"]}}],"collection":[{"href":"https:\/\/moblend.erasmus.site\/it\/wp-json\/wp\/v2\/pages"}],"about":[{"href":"https:\/\/moblend.erasmus.site\/it\/wp-json\/wp\/v2\/types\/page"}],"author":[{"embeddable":true,"href":"https:\/\/moblend.erasmus.site\/it\/wp-json\/wp\/v2\/users\/1"}],"replies":[{"embeddable":true,"href":"https:\/\/moblend.erasmus.site\/it\/wp-json\/wp\/v2\/comments?post=2"}],"version-history":[{"count":11,"href":"https:\/\/moblend.erasmus.site\/it\/wp-json\/wp\/v2\/pages\/2\/revisions"}],"predecessor-version":[{"id":311,"href":"https:\/\/moblend.erasmus.site\/it\/wp-json\/wp\/v2\/pages\/2\/revisions\/311"}],"wp:attachment":[{"href":"https:\/\/moblend.erasmus.site\/it\/wp-json\/wp\/v2\/media?parent=2"}],"curies":[{"name":"wp","href":"https:\/\/api.w.org\/{rel}","templated":true}]}}