{"id":122,"date":"2022-02-25T15:42:58","date_gmt":"2022-02-25T15:42:58","guid":{"rendered":"https:\/\/moblend.erasmus.site\/?page_id=122"},"modified":"2023-04-12T17:48:21","modified_gmt":"2023-04-12T17:48:21","slug":"assessment-tool","status":"publish","type":"page","link":"https:\/\/moblend.erasmus.site\/hr\/assessment-tool\/","title":{"rendered":"Assessment Tool +"},"content":{"rendered":"<p>To je web alat koji u virtualnom formatu pru\u017ea tipi\u010dne alate koje koriste \u0161kole za pra\u0107enje, ocjenjivanje, vrednovanje i prepoznavanje vje\u0161tina koje su u\u010denici stekli tijekom prakse. Assesment Tool + web alat uklju\u010duje Individualni razvojni plan (IDP), Dnevnik i ocjenjiva\u010dki list nastavnika.<\/p>\n<p style=\"text-align: center;\"><a class=\"btn btn-primary\" role=\"button\" href=\"https:\/\/moblend.erasmus.site\/tool\/login\" target=\"_blank\" rel=\"noopener\">Open<\/a><\/p>\n<p><\/p>","protected":false},"excerpt":{"rendered":"<p>To je web alat koji u virtualnom formatu pru\u017ea tipi\u010dne alate koje koriste \u0161kole za pra\u0107enje, ocjenjivanje, vrednovanje i prepoznavanje vje\u0161tina koje su u\u010denici stekli tijekom prakse. Assesment Tool + web alat uklju\u010duje Individualni razvojni plan (IDP), Dnevnik i ocjenjiva\u010dki list nastavnika. Open<\/p>\n","protected":false},"author":1,"featured_media":0,"parent":0,"menu_order":0,"comment_status":"closed","ping_status":"closed","template":"","meta":{"neve_meta_sidebar":"","neve_meta_container":"","neve_meta_enable_content_width":"off","neve_meta_content_width":100,"neve_meta_title_alignment":"","neve_meta_author_avatar":"","neve_post_elements_order":"","neve_meta_disable_header":"","neve_meta_disable_footer":"","neve_meta_disable_title":"","footnotes":""},"class_list":["post-122","page","type-page","status-publish","hentry"],"_links":{"self":[{"href":"https:\/\/moblend.erasmus.site\/hr\/wp-json\/wp\/v2\/pages\/122","targetHints":{"allow":["GET"]}}],"collection":[{"href":"https:\/\/moblend.erasmus.site\/hr\/wp-json\/wp\/v2\/pages"}],"about":[{"href":"https:\/\/moblend.erasmus.site\/hr\/wp-json\/wp\/v2\/types\/page"}],"author":[{"embeddable":true,"href":"https:\/\/moblend.erasmus.site\/hr\/wp-json\/wp\/v2\/users\/1"}],"replies":[{"embeddable":true,"href":"https:\/\/moblend.erasmus.site\/hr\/wp-json\/wp\/v2\/comments?post=122"}],"version-history":[{"count":6,"href":"https:\/\/moblend.erasmus.site\/hr\/wp-json\/wp\/v2\/pages\/122\/revisions"}],"predecessor-version":[{"id":236,"href":"https:\/\/moblend.erasmus.site\/hr\/wp-json\/wp\/v2\/pages\/122\/revisions\/236"}],"wp:attachment":[{"href":"https:\/\/moblend.erasmus.site\/hr\/wp-json\/wp\/v2\/media?parent=122"}],"curies":[{"name":"wp","href":"https:\/\/api.w.org\/{rel}","templated":true}]}}